{"id":24780,"date":"2022-04-26T12:19:34","date_gmt":"2022-04-26T12:19:34","guid":{"rendered":"http:\/\/d-a-si.hr\/web\/?page_id=24780"},"modified":"2022-09-06T18:02:50","modified_gmt":"2022-09-06T18:02:50","slug":"soba","status":"publish","type":"page","link":"https:\/\/d-a-si.hr\/web\/soba\/","title":{"rendered":"SOBA"},"content":{"rendered":"\t<section class=\"section\" id=\"section_801703618\">\n\t\t<div class=\"bg section-bg fill bg-fill  bg-loaded\" >\n\n\t\t\t\n\t\t\t\n\t\t\t\n\n\t\t<\/div>\n\n\t\t<div class=\"section-content relative\">\n\t\t\t\n<div class=\"row align-middle align-center\" style=\"max-width:700px\" id=\"row-796311041\">\n\n\t<div id=\"col-432890198\" class=\"col small-12 large-12\"  >\n\t\t<div class=\"col-inner text-center\"  >\n\t\t\t\n\t\t\t\n\t<div id=\"gap-111244350\" class=\"gap-element clearfix\" style=\"display:block; height:auto;\">\n\t\t\n<style>\n#gap-111244350 {\n  padding-top: 62px;\n}\n<\/style>\n\t<\/div>\n\t\n\t<div id=\"text-2246456706\" class=\"text\">\n\t\t\n<h2>Soba<\/h1>\n\t\t\n<style>\n#text-2246456706 {\n  color: rgb(0,0,0);\n}\n#text-2246456706 > * {\n  color: rgb(0,0,0);\n}\n<\/style>\n\t<\/div>\n\t\n\t<div id=\"text-3234792740\" class=\"text\">\n\t\t\n<p><strong>Soba DA\u0160 je sekcija mladih Dru\u0161tva arhitekata \u0160ibenik osnovana u listopadu 2012. godine.<\/strong><\/p>\n\t\t\n<style>\n#text-3234792740 {\n  color: rgb(0,0,0);\n}\n#text-3234792740 > * {\n  color: rgb(0,0,0);\n}\n<\/style>\n\t<\/div>\n\t\n\t<div id=\"text-786519884\" class=\"text\">\n\t\t\n<p>Ciljevi Sekcije su predstavljanje i afirmiranje mladih \u0161ibenskih arhitekata (do 35. godina) i studenata arhitekture i njihovih radova na arhitektonskoj i kulturnoj sceni grada \u0160ibenika, ali i \u0161ire.<br \/>U svom djelovanju Sekcija organizira i provodi projekte koji su od interesa za \u010dlanove Sekcije i gra\u0111ane \u0160ibenika, a sve s ciljem uklju\u010divanja mladih u probleme gradskog prostora te poku\u0161aja da se isti rije\u0161e.<\/p>\n<p>Umre\u017eavanjem s drugim interesnim skupinama te uspostavljanjem dijaloga s javnosti namjera je Sekcije da pobolj\u0161a kvalitetu dru\u0161tvenog i kulturnog \u017eivota u gradu \u0160ibeniku.<\/p>\n\t\t\n<style>\n#text-786519884 {\n  color: rgb(0,0,0);\n}\n#text-786519884 > * {\n  color: rgb(0,0,0);\n}\n<\/style>\n\t<\/div>\n\t\n\t<div id=\"gap-1726053996\" class=\"gap-element clearfix\" style=\"display:block; height:auto;\">\n\t\t\n<style>\n#gap-1726053996 {\n  padding-top: 36px;\n}\n<\/style>\n\t<\/div>\n\t\n\t\t<\/div>\n\t\t\t<\/div>\n\n\t\n<\/div>\n\t\t<\/div>\n\n\t\t\n<style>\n#section_801703618 {\n  padding-top: 0px;\n  padding-bottom: 0px;\n  background-color: rgb(255,255,255);\n}\n<\/style>\n\t<\/section>\n\t\n","protected":false},"excerpt":{"rendered":"","protected":false},"author":2,"featured_media":0,"parent":0,"menu_order":0,"comment_status":"closed","ping_status":"closed","template":"page-blank.php","meta":{"_monsterinsights_skip_tracking":false,"_monsterinsights_sitenote_active":false,"_monsterinsights_sitenote_note":"","_monsterinsights_sitenote_category":0,"footnotes":"","_links_to":"","_links_to_target":""},"class_list":["post-24780","page","type-page","status-publish","hentry"],"_links":{"self":[{"href":"https:\/\/d-a-si.hr\/web\/wp-json\/wp\/v2\/pages\/24780","targetHints":{"allow":["GET"]}}],"collection":[{"href":"https:\/\/d-a-si.hr\/web\/wp-json\/wp\/v2\/pages"}],"about":[{"href":"https:\/\/d-a-si.hr\/web\/wp-json\/wp\/v2\/types\/page"}],"author":[{"embeddable":true,"href":"https:\/\/d-a-si.hr\/web\/wp-json\/wp\/v2\/users\/2"}],"replies":[{"embeddable":true,"href":"https:\/\/d-a-si.hr\/web\/wp-json\/wp\/v2\/comments?post=24780"}],"version-history":[{"count":5,"href":"https:\/\/d-a-si.hr\/web\/wp-json\/wp\/v2\/pages\/24780\/revisions"}],"predecessor-version":[{"id":25588,"href":"https:\/\/d-a-si.hr\/web\/wp-json\/wp\/v2\/pages\/24780\/revisions\/25588"}],"wp:attachment":[{"href":"https:\/\/d-a-si.hr\/web\/wp-json\/wp\/v2\/media?parent=24780"}],"curies":[{"name":"wp","href":"https:\/\/api.w.org\/{rel}","templated":true}]}}