{"id":24783,"date":"2022-04-26T12:20:09","date_gmt":"2022-04-26T12:20:09","guid":{"rendered":"http:\/\/d-a-si.hr\/web\/?page_id=24783"},"modified":"2026-02-10T19:50:44","modified_gmt":"2026-02-10T19:50:44","slug":"kontakt","status":"publish","type":"page","link":"https:\/\/d-a-si.hr\/web\/kontakt\/","title":{"rendered":"Kontakt"},"content":{"rendered":"\t<section class=\"section\" id=\"section_853654011\">\n\t\t<div class=\"bg section-bg fill bg-fill  bg-loaded\" >\n\n\t\t\t\n\t\t\t\n\t\t\t\n\n\t\t<\/div>\n\n\t\t<div class=\"section-content relative\">\n\t\t\t\n<div class=\"row align-middle align-center\" style=\"max-width:700px\" id=\"row-689148694\">\n\n\t<div id=\"col-1914611879\" class=\"col small-12 large-12\"  >\n\t\t<div class=\"col-inner text-center\"  >\n\t\t\t\n\t\t\t\n\t<div id=\"gap-918532891\" class=\"gap-element clearfix\" style=\"display:block; height:auto;\">\n\t\t\n<style>\n#gap-918532891 {\n  padding-top: 30px;\n}\n<\/style>\n\t<\/div>\n\t\n\t<div id=\"text-2139602062\" class=\"text\">\n\t\t\n<h1>Dru\u0161tvo arhitekata \u0160ibenik<\/h1>\n\t\t\n<style>\n#text-2139602062 {\n  color: rgb(0,0,0);\n}\n#text-2139602062 > * {\n  color: rgb(0,0,0);\n}\n<\/style>\n\t<\/div>\n\t\n\t<div id=\"text-2000911910\" class=\"text\">\n\t\t\n<div class=\"ezcol ezcol-one-half\"><strong>Kralja Zvonimira 7A 22 000 \u0160ibenik<\/strong><br \/>\n<strong>MB<\/strong>\u00a003567265<br \/>\n<strong>OIB\u00a0<\/strong>37445171341<br \/>\nHR37 2390 0011 1990 0883 3, HPB<br \/>\n<strong>Predsjednica:<\/strong> Liljana \u010corovi\u0107 Grubi\u0161i\u0107, dipl.ing.arh.<br \/>\n<strong>Podpresjednica: <\/strong>Ivana Lozi\u0107, dipl.ing.arh.<strong><br \/>\nTajnica: <\/strong>Antea \u010cogelja, mag.ing.arch.<\/div>\n\t\t\n<style>\n#text-2000911910 {\n  color: rgb(0,0,0);\n}\n#text-2000911910 > * {\n  color: rgb(0,0,0);\n}\n<\/style>\n\t<\/div>\n\t\n\t\t<\/div>\n\t\t\t<\/div>\n\n\t\n<\/div>\n<div class=\"row row-collapse\" style=\"max-width:900px\" id=\"row-1187547765\">\n\n\t<div id=\"col-1100142508\" class=\"col medium-4 small-12 large-4\"  >\n\t\t<div class=\"col-inner\"  >\n\t\t\t\n\t\t\t\n\n\t\t<div class=\"icon-box featured-box icon-box-center text-center\"  >\n\t\t\t\t\t<div class=\"icon-box-img\" style=\"width: 40px\">\n\t\t\t\t<div class=\"icon\">\n\t\t\t\t\t<div class=\"icon-inner\" >\n\t\t\t\t\t\t\t\t\t\t\t<\/div>\n\t\t\t\t<\/div>\n\t\t\t<\/div>\n\t\t\t\t<div class=\"icon-box-text last-reset\">\n\t\t\t\t\t\t\t\t\t\n\t<div id=\"text-2214439088\" class=\"text\">\n\t\t\n<h4>Po\u0161aljite nam email<\/h4>\n<p><a href=\"mailto:info@d-a-si.hr\">info@d-a-si.hr<\/a><\/p>\n\t\t\n<style>\n#text-2214439088 {\n  line-height: 1;\n  color: rgb(0,0,0);\n}\n#text-2214439088 > * {\n  color: rgb(0,0,0);\n}\n<\/style>\n\t<\/div>\n\t\n\t\t<\/div>\n\t<\/div>\n\t\n\t\n\t<div id=\"gap-1880735164\" class=\"gap-element clearfix\" style=\"display:block; height:auto;\">\n\t\t\n<style>\n#gap-1880735164 {\n  padding-top: 20px;\n}\n<\/style>\n\t<\/div>\n\t\n\t\t<\/div>\n\t\t\t<\/div>\n\n\t\n\n\t<div id=\"col-652229845\" class=\"col medium-4 small-12 large-4\"  >\n\t\t<div class=\"col-inner\"  >\n\t\t\t\n\t\t\t\n\n\t\t<div class=\"icon-box featured-box icon-box-center text-center\"  >\n\t\t\t\t\t<div class=\"icon-box-img\" style=\"width: 40px\">\n\t\t\t\t<div class=\"icon\">\n\t\t\t\t\t<div class=\"icon-inner\" >\n\t\t\t\t\t\t\t\t\t\t\t<\/div>\n\t\t\t\t<\/div>\n\t\t\t<\/div>\n\t\t\t\t<div class=\"icon-box-text last-reset\">\n\t\t\t\t\t\t\t\t\t\n\t<div id=\"text-2918892269\" class=\"text\">\n\t\t\n<h4>Na\u0161a lokacija<\/h4>\n<p>Kralja Zvonimira 7A 22 000 \u0160ibenika<\/p>\n\t\t\n<style>\n#text-2918892269 {\n  line-height: 1;\n  color: rgb(0,0,0);\n}\n#text-2918892269 > * {\n  color: rgb(0,0,0);\n}\n<\/style>\n\t<\/div>\n\t\n\t\t<\/div>\n\t<\/div>\n\t\n\t\n\t\t<\/div>\n\t\t\t<\/div>\n\n\t\n\n\t<div id=\"col-8732073\" class=\"col medium-4 small-12 large-4\"  >\n\t\t<div class=\"col-inner\"  >\n\t\t\t\n\t\t\t\n\n\t\t<div class=\"icon-box featured-box icon-box-center text-center\"  >\n\t\t\t\t\t<div class=\"icon-box-img\" style=\"width: 40px\">\n\t\t\t\t<div class=\"icon\">\n\t\t\t\t\t<div class=\"icon-inner\" >\n\t\t\t\t\t\t\t\t\t\t\t<\/div>\n\t\t\t\t<\/div>\n\t\t\t<\/div>\n\t\t\t\t<div class=\"icon-box-text last-reset\">\n\t\t\t\t\t\t\t\t\t\n\t<div id=\"text-3560956883\" class=\"text\">\n\t\t\n<h4>Nazovite na<\/h4>\n<p>tel.\/fax +385 (0)22 &#8230;&#8230;<\/p>\n\t\t\n<style>\n#text-3560956883 {\n  line-height: 1;\n  color: rgb(0,0,0);\n}\n#text-3560956883 > * {\n  color: rgb(0,0,0);\n}\n<\/style>\n\t<\/div>\n\t\n\t\t<\/div>\n\t<\/div>\n\t\n\t\n\t\t<\/div>\n\t\t\t<\/div>\n\n\t\n<\/div>\n\t\t<\/div>\n\n\t\t\n<style>\n#section_853654011 {\n  padding-top: 30px;\n  padding-bottom: 30px;\n  background-color: rgb(255,255,255);\n}\n<\/style>\n\t<\/section>\n\t\n\t<section class=\"section\" id=\"section_387496583\">\n\t\t<div class=\"bg section-bg fill bg-fill  bg-loaded\" >\n\n\t\t\t\n\t\t\t\n\t\t\t\n\n\t\t<\/div>\n\n\t\t<div class=\"section-content relative\">\n\t\t\t\n<div class=\"row\" style=\"max-width:700px\" id=\"row-1459618388\">\n\n\t<div id=\"col-1667439442\" class=\"col small-12 large-12\"  >\n\t\t<div class=\"col-inner text-center\"  >\n\t\t\t\n\t\t\t\n<div class=\"social-icons follow-icons full-width text-center\" style=\"font-size:95%\"><a href=\"https:\/\/www.facebook.com\/539259989420840\/posts\/766602070019963\/\" target=\"_blank\" data-label=\"Facebook\"  rel=\"noopener noreferrer nofollow\" class=\"icon primary button circle facebook tooltip\" title=\"Follow on Facebook\"><i class=\"icon-facebook\" ><\/i><\/a><a href=\"mailto:info@d-a-si.hr\" data-label=\"E-mail\"  rel=\"nofollow\" class=\"icon primary button circle  email tooltip\" title=\"Send us an email\"><i class=\"icon-envelop\" ><\/i><\/a><\/div>\n\t\t<\/div>\n\t\t\t<\/div>\n\n\t\n<\/div>\n\t\t<\/div>\n\n\t\t\n<style>\n#section_387496583 {\n  padding-top: 0px;\n  padding-bottom: 0px;\n  background-color: rgb(255,255,255);\n}\n<\/style>\n\t<\/section>\n\t\n\t<section class=\"section\" id=\"section_1878124882\">\n\t\t<div class=\"bg section-bg fill bg-fill  bg-loaded\" >\n\n\t\t\t\n\t\t\t\n\t\t\t\n\n\t\t<\/div>\n\n\t\t<div class=\"section-content relative\">\n\t\t\t\n<div class=\"row\"  id=\"row-60774901\">\n\n\t<div id=\"col-1958985283\" class=\"col small-12 large-12\"  >\n\t\t<div class=\"col-inner text-center\"  >\n\t\t\t\n\t\t\t\n<p><iframe loading=\"lazy\" style=\"border: 0;\" src=\"https:\/\/www.google.com\/maps\/embed?pb=!1m14!1m8!1m3!1d2882.7888540000363!2d15.892101!3d43.735713!3m2!1i1024!2i768!4f13.1!3m3!1m2!1s0x13352f589567f7e7%3A0x152fa7ad3128ac34!2sUl.%20Kralja%20Zvonimira%207A%2C%2022000%2C%20%C5%A0ibenik!5e0!3m2!1sen!2shr!4v1651486218239!5m2!1sen!2shr\" width=\"100%\" height=\"450\" allowfullscreen=\"allowfullscreen\"><\/iframe><\/p>\n\t\t<\/div>\n\t\t\t<\/div>\n\n\t\n<\/div>\n\t\t<\/div>\n\n\t\t\n<style>\n#section_1878124882 {\n  padding-top: 0px;\n  padding-bottom: 0px;\n  background-color: rgb(255, 255, 255);\n}\n<\/style>\n\t<\/section>\n\t\n","protected":false},"excerpt":{"rendered":"","protected":false},"author":2,"featured_media":0,"parent":0,"menu_order":0,"comment_status":"closed","ping_status":"closed","template":"page-blank.php","meta":{"_monsterinsights_skip_tracking":false,"_monsterinsights_sitenote_active":false,"_monsterinsights_sitenote_note":"","_monsterinsights_sitenote_category":0,"footnotes":"","_links_to":"","_links_to_target":""},"class_list":["post-24783","page","type-page","status-publish","hentry"],"_links":{"self":[{"href":"https:\/\/d-a-si.hr\/web\/wp-json\/wp\/v2\/pages\/24783","targetHints":{"allow":["GET"]}}],"collection":[{"href":"https:\/\/d-a-si.hr\/web\/wp-json\/wp\/v2\/pages"}],"about":[{"href":"https:\/\/d-a-si.hr\/web\/wp-json\/wp\/v2\/types\/page"}],"author":[{"embeddable":true,"href":"https:\/\/d-a-si.hr\/web\/wp-json\/wp\/v2\/users\/2"}],"replies":[{"embeddable":true,"href":"https:\/\/d-a-si.hr\/web\/wp-json\/wp\/v2\/comments?post=24783"}],"version-history":[{"count":6,"href":"https:\/\/d-a-si.hr\/web\/wp-json\/wp\/v2\/pages\/24783\/revisions"}],"predecessor-version":[{"id":26203,"href":"https:\/\/d-a-si.hr\/web\/wp-json\/wp\/v2\/pages\/24783\/revisions\/26203"}],"wp:attachment":[{"href":"https:\/\/d-a-si.hr\/web\/wp-json\/wp\/v2\/media?parent=24783"}],"curies":[{"name":"wp","href":"https:\/\/api.w.org\/{rel}","templated":true}]}}