{"id":25435,"date":"2022-08-05T09:01:40","date_gmt":"2022-08-05T09:01:40","guid":{"rendered":"http:\/\/d-a-si.hr\/web\/?page_id=25435"},"modified":"2026-02-28T10:24:29","modified_gmt":"2026-02-28T10:24:29","slug":"naslovna","status":"publish","type":"page","link":"https:\/\/d-a-si.hr\/web\/","title":{"rendered":"Naslovna"},"content":{"rendered":"<div class=\"cpt-alm-main\" id=\"cptalm_69d3a825bae9e\"><div class=\"cpt-alm-wrapper  cpt-alm-grid-3\" data-id=\"cptalm_69d3a825bae9e\"data-post-type=\"post\"data-post-status=\"publish\"data-posts-per-page=\"30\"data-init-load=\"6\"data-category=\"\"data-category--and=\"\"data-category--not-in=\"\"data-tag=\"\"data-tag--and=\"\"data-tag--not-in=\"\"data-taxonomy=\"\"data-taxonomy-terms=\"\"data-taxonomy-operator=\"\"data-taxonomy-relation=\"\"data-order=\"DESC\"data-orderby=\"date\"data-offset=\"6\"data-template=\"template-2\"data-default-css=\"yes\"data-scroll=\"\"data-grid=\"3\"data-item-class=\"\"data-container-class=\"\"data-button-text=\"Ostale objave\"data-button-color=\"#000000\"data-loading-style=\"normal\"data-loading-text=\"Loading...\"data-found-posts=\"600\"><div class=\"cpt-alm-item cpt-alm-col-4 \"><div class=\"cpt-post-module cpt-post-module-hover\">\n\t<a href=\"https:\/\/d-a-si.hr\/web\/2026\/04\/03\/natjecaj-za-izradu-idejnog-arhitektonsko-urbanistickog-i-likovnog-rjesenja-za-spomenik-hrvatskim-braniteljima-iz-domovinskog-rata-u-dugoj-resi\/\">\n\t\t<div class=\"cpt-thumbnail\">\n\t\t\t<div class=\"cpt-date\">\n\t\t\t\t<div class=\"cpt-day\">03<\/div>\n\t\t\t\t<div class=\"cpt-month\">tra<\/div>\n\t\t\t<\/div>\n\t\t\t<img loading=\"lazy\" decoding=\"async\" width=\"600\" height=\"400\" src=\"https:\/\/d-a-si.hr\/web\/wp-content\/uploads\/2026\/04\/IMG_8647_BW-1-600x400.jpg\" class=\"attachment-cpt-alm-listing size-cpt-alm-listing wp-post-image\" alt=\"\" \/><div class=\"cpt-category\">Novosti D-A-SI<\/div>\t\t<\/div>\n\n\t\t<div class=\"cpt-post-content\">\n\t\t<p class=\"\">Natje\u010daj za izradu idejnog arhitektonsko-urbanisti\u010dkog i likovnog rje\u0161enja za spomenik Hrvatskim braniteljima iz Domovinskog rata u Dugoj Resi<\/p>\n\t\t\n\t\t\n\t\t<\/div>\n\t<\/a>\n<\/div><\/div><div class=\"cpt-alm-item cpt-alm-col-4 \"><div class=\"cpt-post-module cpt-post-module-hover\">\n\t<a href=\"https:\/\/d-a-si.hr\/web\/2026\/03\/30\/festival-dani-orisa-2026\/\">\n\t\t<div class=\"cpt-thumbnail\">\n\t\t\t<div class=\"cpt-date\">\n\t\t\t\t<div class=\"cpt-day\">30<\/div>\n\t\t\t\t<div class=\"cpt-month\">o\u017eu<\/div>\n\t\t\t<\/div>\n\t\t\t<img loading=\"lazy\" decoding=\"async\" width=\"600\" height=\"400\" src=\"https:\/\/d-a-si.hr\/web\/wp-content\/uploads\/2026\/03\/DO_26-facebook-event-600x400.jpg\" class=\"attachment-cpt-alm-listing size-cpt-alm-listing wp-post-image\" alt=\"\" \/><div class=\"cpt-category\">Novosti D-A-SI<\/div>\t\t<\/div>\n\n\t\t<div class=\"cpt-post-content\">\n\t\t<p class=\"\">Festival Dani Orisa 2026<\/p>\n\t\t\n\t\t\n\t\t<\/div>\n\t<\/a>\n<\/div><\/div><div class=\"cpt-alm-item cpt-alm-col-4 \"><div class=\"cpt-post-module cpt-post-module-hover\">\n\t<a href=\"https:\/\/d-a-si.hr\/web\/2026\/03\/27\/medunarodni-natjecaj-za-izradu-idejnog-arhitektonsko-urbanistickog-rjesenja-stadiona-maksimir-i-src-svetice\/\">\n\t\t<div class=\"cpt-thumbnail\">\n\t\t\t<div class=\"cpt-date\">\n\t\t\t\t<div class=\"cpt-day\">27<\/div>\n\t\t\t\t<div class=\"cpt-month\">o\u017eu<\/div>\n\t\t\t<\/div>\n\t\t\t<img loading=\"lazy\" decoding=\"async\" width=\"600\" height=\"400\" src=\"https:\/\/d-a-si.hr\/web\/wp-content\/uploads\/2026\/03\/02_max_from_east-600x400.png\" class=\"attachment-cpt-alm-listing size-cpt-alm-listing wp-post-image\" alt=\"\" srcset=\"https:\/\/d-a-si.hr\/web\/wp-content\/uploads\/2026\/03\/02_max_from_east-600x400.png 600w, https:\/\/d-a-si.hr\/web\/wp-content\/uploads\/2026\/03\/02_max_from_east-1200x800.png 1200w, https:\/\/d-a-si.hr\/web\/wp-content\/uploads\/2026\/03\/02_max_from_east-768x512.png 768w, https:\/\/d-a-si.hr\/web\/wp-content\/uploads\/2026\/03\/02_max_from_east-1536x1024.png 1536w, https:\/\/d-a-si.hr\/web\/wp-content\/uploads\/2026\/03\/02_max_from_east-2048x1365.png 2048w\" sizes=\"auto, (max-width: 600px) 100vw, 600px\" \/><div class=\"cpt-category\">Novosti D-A-SI<\/div>\t\t<\/div>\n\n\t\t<div class=\"cpt-post-content\">\n\t\t<p class=\"\">Me\u0111unarodni natje\u010daj za izradu idejnog arhitektonsko-urbanisti\u010dkog rje\u0161enja stadiona Maksimir i SRC Svetice<\/p>\n\t\t\n\t\t\n\t\t<\/div>\n\t<\/a>\n<\/div><\/div><div class=\"cpt-alm-item cpt-alm-col-4 \"><div class=\"cpt-post-module cpt-post-module-hover\">\n\t<a href=\"https:\/\/d-a-si.hr\/web\/2026\/03\/16\/poziva-na-izlozbu-rezultata-natjecaja-za-groblje-laste-u-rovinju\/\">\n\t\t<div class=\"cpt-thumbnail\">\n\t\t\t<div class=\"cpt-date\">\n\t\t\t\t<div class=\"cpt-day\">16<\/div>\n\t\t\t\t<div class=\"cpt-month\">o\u017eu<\/div>\n\t\t\t<\/div>\n\t\t\t<img loading=\"lazy\" decoding=\"async\" width=\"600\" height=\"400\" src=\"https:\/\/d-a-si.hr\/web\/wp-content\/uploads\/2026\/03\/foto_pozivkos-600x400.jpg\" class=\"attachment-cpt-alm-listing size-cpt-alm-listing wp-post-image\" alt=\"\" \/><div class=\"cpt-category\">Novosti D-A-SI<\/div>\t\t<\/div>\n\n\t\t<div class=\"cpt-post-content\">\n\t\t<p class=\"\">Poziva na izlo\u017ebu rezultata Natje\u010daja za groblje Laste u Rovinju<\/p>\n\t\t\n\t\t\n\t\t<\/div>\n\t<\/a>\n<\/div><\/div><div class=\"cpt-alm-item cpt-alm-col-4 \"><div class=\"cpt-post-module cpt-post-module-hover\">\n\t<a href=\"https:\/\/d-a-si.hr\/web\/2026\/03\/16\/poziv-na-predavanje-zdrave-zgrade-utjecaj-materijala-na-kvalitetu-unutarnjeg-okolisa-markic-i-vlahek-24-03-2026-utorak-u-18h-koncertna-dvorana-brace-bersa\/\">\n\t\t<div class=\"cpt-thumbnail\">\n\t\t\t<div class=\"cpt-date\">\n\t\t\t\t<div class=\"cpt-day\">16<\/div>\n\t\t\t\t<div class=\"cpt-month\">o\u017eu<\/div>\n\t\t\t<\/div>\n\t\t\t<img loading=\"lazy\" decoding=\"async\" width=\"600\" height=\"400\" src=\"https:\/\/d-a-si.hr\/web\/wp-content\/uploads\/2026\/03\/Plakat-JUB-scaled-\u2013-kopija-600x400.jpg\" class=\"attachment-cpt-alm-listing size-cpt-alm-listing wp-post-image\" alt=\"\" \/><div class=\"cpt-category\">Novosti D-A-SI<\/div>\t\t<\/div>\n\n\t\t<div class=\"cpt-post-content\">\n\t\t<p class=\"\">Poziv na predavanje \u201cZdrave zgrade: Utjecaj materijala na kvalitetu unutarnjeg okoli\u0161a\u201d Marki\u0107 i Vlahek, 24.03.2026., utorak u 18h, Koncertna dvorana bra\u0107e Bersa<\/p>\n\t\t\n\t\t\n\t\t<\/div>\n\t<\/a>\n<\/div><\/div><div class=\"cpt-alm-item cpt-alm-col-4 \"><div class=\"cpt-post-module cpt-post-module-hover\">\n\t<a href=\"https:\/\/d-a-si.hr\/web\/2026\/02\/27\/oko-po-i-apropo-crnice-razgovori-o-crnici-ii-6-8-ozujka-2026\/\">\n\t\t<div class=\"cpt-thumbnail\">\n\t\t\t<div class=\"cpt-date\">\n\t\t\t\t<div class=\"cpt-day\">27<\/div>\n\t\t\t\t<div class=\"cpt-month\">velj<\/div>\n\t\t\t<\/div>\n\t\t\t<img loading=\"lazy\" decoding=\"async\" width=\"600\" height=\"400\" src=\"https:\/\/d-a-si.hr\/web\/wp-content\/uploads\/2026\/02\/FB-Oko-po-i-apropo-Crnice\u2028-1-600x400.jpg\" class=\"attachment-cpt-alm-listing size-cpt-alm-listing wp-post-image\" alt=\"\" \/><div class=\"cpt-category\">Novosti D-A-SI<\/div>\t\t<\/div>\n\n\t\t<div class=\"cpt-post-content\">\n\t\t<p class=\"\">Oko, po i apropo Crnice (Razgovori o Crnici II), 6.-8. o\u017eujka, 2026.<\/p>\n\t\t\n\t\t\n\t\t<\/div>\n\t<\/a>\n<\/div><\/div><\/div>\n\t\t\t<div class=\"cpt-alm-read-more\">\n\t\t\t\t<div class=\"cpt-alm-loader cpt-custom-loader\"><div class=\"cpt-loading-icon loading-normal-inner\">\n\t\t\t\t<div><\/div><div><\/div><div><\/div><div><\/div><div><\/div><div><\/div><div><\/div><div><\/div><div><\/div><div><\/div><div><\/div><div><\/div><\/div><\/div>\n\t\t\t\t<a href=\"javascript:void(0)\" class=\"cpt-alm-btn-load-more\">\n\t\t\t\tOstale objave\n\t\t\t\t<\/a>\n\t\t\t<\/div><\/div>\n","protected":false},"excerpt":{"rendered":"","protected":false},"author":2,"featured_media":0,"parent":0,"menu_order":0,"comment_status":"closed","ping_status":"closed","template":"","meta":{"_monsterinsights_skip_tracking":false,"_monsterinsights_sitenote_active":false,"_monsterinsights_sitenote_note":"","_monsterinsights_sitenote_category":0,"footnotes":"","_links_to":"","_links_to_target":""},"class_list":["post-25435","page","type-page","status-publish","hentry"],"_links":{"self":[{"href":"https:\/\/d-a-si.hr\/web\/wp-json\/wp\/v2\/pages\/25435","targetHints":{"allow":["GET"]}}],"collection":[{"href":"https:\/\/d-a-si.hr\/web\/wp-json\/wp\/v2\/pages"}],"about":[{"href":"https:\/\/d-a-si.hr\/web\/wp-json\/wp\/v2\/types\/page"}],"author":[{"embeddable":true,"href":"https:\/\/d-a-si.hr\/web\/wp-json\/wp\/v2\/users\/2"}],"replies":[{"embeddable":true,"href":"https:\/\/d-a-si.hr\/web\/wp-json\/wp\/v2\/comments?post=25435"}],"version-history":[{"count":5,"href":"https:\/\/d-a-si.hr\/web\/wp-json\/wp\/v2\/pages\/25435\/revisions"}],"predecessor-version":[{"id":26128,"href":"https:\/\/d-a-si.hr\/web\/wp-json\/wp\/v2\/pages\/25435\/revisions\/26128"}],"wp:attachment":[{"href":"https:\/\/d-a-si.hr\/web\/wp-json\/wp\/v2\/media?parent=25435"}],"curies":[{"name":"wp","href":"https:\/\/api.w.org\/{rel}","templated":true}]}}